{"id":11,"date":"2020-03-21T16:34:24","date_gmt":"2020-03-21T15:34:24","guid":{"rendered":"http:\/\/panagoulias.fr\/?page_id=11"},"modified":"2023-03-26T17:16:22","modified_gmt":"2023-03-26T15:16:22","slug":"contact","status":"publish","type":"page","link":"https:\/\/panagoulias.fr\/index.php\/contact\/","title":{"rendered":"Contact"},"content":{"rendered":"<p>Le Docteur vous re\u00e7oit dans son cabinet et il propose \u00e9galement des t\u00e9l\u00e9consultations.<\/p>\n\n\n<p><\/p>\n\n\n\n<p><strong>Prise de rendez-vous sur doctolib.fr<\/strong><\/p>\n\n\n\n<p><a href=\"https:\/\/www.doctolib.fr\/medecin-generaliste\/paris\/prokopios-panagoulias \">https:\/\/www.doctolib.fr\/medecin-generaliste\/paris\/prokopios-panagoulias <\/a><\/p>\n","protected":false},"excerpt":{"rendered":"<p>Le Docteur vous re\u00e7oit dans son cabinet et il propose \u00e9galement des t\u00e9l\u00e9consultations. Prise de rendez-vous sur doctolib.fr https:\/\/www.doctolib.fr\/medecin-generaliste\/paris\/prokopios-panagoulias<\/p>\n","protected":false},"author":1,"featured_media":0,"parent":0,"menu_order":0,"comment_status":"closed","ping_status":"closed","template":"","meta":[],"_links":{"self":[{"href":"https:\/\/panagoulias.fr\/index.php\/wp-json\/wp\/v2\/pages\/11"}],"collection":[{"href":"https:\/\/panagoulias.fr\/index.php\/wp-json\/wp\/v2\/pages"}],"about":[{"href":"https:\/\/panagoulias.fr\/index.php\/wp-json\/wp\/v2\/types\/page"}],"author":[{"embeddable":true,"href":"https:\/\/panagoulias.fr\/index.php\/wp-json\/wp\/v2\/users\/1"}],"replies":[{"embeddable":true,"href":"https:\/\/panagoulias.fr\/index.php\/wp-json\/wp\/v2\/comments?post=11"}],"version-history":[{"count":6,"href":"https:\/\/panagoulias.fr\/index.php\/wp-json\/wp\/v2\/pages\/11\/revisions"}],"predecessor-version":[{"id":98,"href":"https:\/\/panagoulias.fr\/index.php\/wp-json\/wp\/v2\/pages\/11\/revisions\/98"}],"wp:attachment":[{"href":"https:\/\/panagoulias.fr\/index.php\/wp-json\/wp\/v2\/media?parent=11"}],"curies":[{"name":"wp","href":"https:\/\/api.w.org\/{rel}","templated":true}]}}